{"id":16,"date":"2022-03-14T17:13:33","date_gmt":"2022-03-14T17:13:33","guid":{"rendered":"http:\/\/importvamkezeles.hu\/16-2\/"},"modified":"2023-03-24T16:48:15","modified_gmt":"2023-03-24T16:48:15","slug":"16-2","status":"publish","type":"page","link":"https:\/\/importvamkezeles.hu\/","title":{"rendered":"Import v\u00e1mkezel\u00e9s"},"content":{"rendered":"<div class=\"\" style=\"\" >\n    \n    <section class=\"u-clearfix u-image u-shading lazyload u-section-2\" id=\"sec-4438\" data-image-width=\"1600\" data-image-height=\"764\" data-bg=\"url(&quot;https:\/\/importvamkezeles.hu\/wp-content\/uploads\/2021\/09\/4c1d4a3418017424a48944dc95959152.jpeg&quot;)\">\n      <div class=\"u-clearfix u-sheet u-sheet-1\">\n        <div class=\"u-container-style u-group u-group-1\">\n          <div class=\"u-container-layout u-valign-middle-lg u-valign-middle-md u-valign-middle-sm u-container-layout-1\">\n            <h1 class=\"u-align-center u-text u-text-body-alt-color u-title u-text-1\">Import v\u00e1mkezel\u00e9s Magyarorsz\u00e1gon!<\/h1>\n          <\/div>\n        <\/div>\n      <\/div>\n    <\/section>\n    <section class=\"u-align-center u-clearfix u-section-3\" id=\"sec-82e5\">\n      <div class=\"u-clearfix u-sheet u-valign-middle u-sheet-1\">\n        <h1 class=\"u-text u-text-default u-text-1\">Import v\u00e1mkezel\u00e9s<\/h1>\n        <p class=\"u-text u-text-2\">Teljesk\u00f6r\u0171 import v\u00e1mkezel\u00e9s, v\u00e1m\u00fcgyint\u00e9z\u00e9s orsz\u00e1gos hat\u00e1sk\u00f6rrel.<\/p>\n        <div class=\"u-expanded-width u-list u-list-1\">\n          <div class=\"u-repeater u-repeater-1\">\n            <div class=\"u-container-style u-list-item u-repeater-item\">\n              <div class=\"u-container-layout u-similar-container u-container-layout-1\">\n                <h5 class=\"u-text u-text-3\">Szabad forgalomba helyez\u00e9s<\/h5>\n                <p class=\"u-text u-text-4\">Teljesk\u00f6r\u0171 import v\u00e1mkezel\u00e9s, szabadforgalomba helyez\u00e9s Magyarorsz\u00e1gon. 31 \u00e9ves szakmai gyakorlatunkat \u00e9s tapasztalatunkat \u00e1ll\u00edtjuk megb\u00edz\u00f3ink szolg\u00e1lat\u00e1ba. Szolg\u00e1ltat\u00e1sunk kiterjed  az import\u00e1land\u00f3 term\u00e9kek sz\u00e1mtarifasz\u00e1m\u00e1nak ellen\u0151rz\u00e9s\u00e9re, s t\u00e1j\u00e9koztat\u00e1st adunk a v\u00e1mtarifasz\u00e1mhoz kapcsol\u00f3d\u00f3 tilalmakr\u00f3l \u00e9s korl\u00e1toz\u00e1sokr\u00f3l, a lehets\u00e9ges kedvezm\u00e9nyek ig\u00e9nybev\u00e9tel\u00e9nek felt\u00e9teleir\u0151l.&nbsp;&nbsp;<\/p>\n              <\/div>\n            <\/div>\n            <div class=\"u-container-style u-list-item u-repeater-item\">\n              <div class=\"u-container-layout u-similar-container u-container-layout-2\">\n                <h5 class=\"u-text u-text-5\">Ideiglenes behozatal<\/h5>\n                <p class=\"u-text u-text-6\">Ideiglenes behozatali v\u00e1mkezel\u00e9sek \u00fcgyint\u00e9z\u00e9se, legyen az garanci\u00e1lis jav\u00edt\u00e1s, bemutat\u00e1s, kipr\u00f3b\u00e1l\u00e1s, stb. Term\u00e9szetesen az ideiglenes behozatalt k\u00f6vet\u0151 visszaviteli v\u00e1mkezel\u00e9st, a behozatali el\u0151jegyz\u00e9s elsz\u00e1mol\u00e1s\u00e1t is elv\u00e9gezz\u00fck.&nbsp;<\/p>\n              <\/div>\n            <\/div>\n          <\/div>\n        <\/div>\n      <\/div>\n    <\/section>\n    <section class=\"u-align-center u-clearfix u-section-4\" id=\"carousel_f484\">\n      <div class=\"u-clearfix u-sheet u-sheet-1\">\n        <div class=\"u-expanded-width u-list u-list-1\">\n          <div class=\"u-repeater u-repeater-1\">\n            <div class=\"u-container-style u-list-item u-repeater-item\">\n              <div class=\"u-container-layout u-similar-container u-container-layout-1\">\n                <h5 class=\"u-text u-text-1\">Postacsomag v\u00e1mkezel\u00e9s<\/h5>\n                <p class=\"u-text u-text-2\">Postacsomag \u00e9s egy\u00e9b kiscsomag v\u00e1mkezel\u00e9se gyorsan, hat\u00e9konyan.&nbsp;<\/p>\n              <\/div>\n            <\/div>\n            <div class=\"u-container-style u-list-item u-repeater-item\">\n              <div class=\"u-container-layout u-similar-container u-container-layout-2\">\n                <h5 class=\"u-text u-text-3\">V\u00e1mhat\u00e1rozat m\u00f3dos\u00edt\u00e1sa<\/h5>\n                <p class=\"u-text u-text-4\">Esetenk\u00e9nt sz\u00fcks\u00e9g lehet a v\u00e1mhat\u00e1rozat ut\u00f3lagos m\u00f3dos\u00edt\u00e1s\u00e1ra. A m\u00f3dos\u00edt\u00e1st sz\u00fcks\u00e9gess\u00e9 teheti, ha a v\u00e1mkezel\u00e9shez beny\u00fajtott adatokban a v\u00e1mkezel\u00e9st k\u00f6vet\u0151en olyan v\u00e1ltoz\u00e1sok t\u00f6rt\u00e9ntek, olyan adatok v\u00e1ltak ismertt\u00e9, amelynek k\u00f6vetkezt\u00e9ben v\u00e1m \u00e9s\/vagy \u00c1FA fizet\u00e9si k\u00f6telezetts\u00e9g keletkezik.&nbsp;&nbsp;<\/p>\n              <\/div>\n            <\/div>\n          <\/div>\n        <\/div>\n      <\/div>\n    <\/section>\n    <section class=\"u-align-center u-clearfix u-section-5\" id=\"carousel_119a\">\n      <div class=\"u-clearfix u-sheet u-sheet-1\">\n        <div class=\"u-expanded-width u-list u-list-1\">\n          <div class=\"u-repeater u-repeater-1\">\n            <div class=\"u-container-style u-list-item u-repeater-item\">\n              <div class=\"u-container-layout u-similar-container u-container-layout-1\">\n                <h5 class=\"u-text u-text-1\">Sz\u00e1rmaz\u00e1si szab\u00e1lyok<\/h5>\n                <p class=\"u-text u-text-default u-text-2\">Az import term\u00e9k ut\u00e1n fizetend\u0151 v\u00e1m m\u00e9rt\u00e9ke a term\u00e9k v\u00e1mtarifasz\u00e1ma \u00e9s sz\u00e1rmaz\u00e1sa alapj\u00e1n hat\u00e1rozhat\u00f3 meg. Az Eur\u00f3pai Uni\u00f3nak sz\u00e1mos szabadkereskedelmi meg\u00e1llapod\u00e1sa van k\u00fcl\u00f6nb\u00f6z\u0151 orsz\u00e1gokkal, orsz\u00e1gcsoportokkal.&nbsp;&nbsp;<\/p>\n              <\/div>\n            <\/div>\n            <div class=\"u-container-style u-list-item u-repeater-item\">\n              <div class=\"u-container-layout u-similar-container u-container-layout-2\">\n                <h5 class=\"u-text u-text-3\">V\u00e1m\u00e9rt\u00e9k kimunk\u00e1l\u00e1sa<\/h5>\n                <p class=\"u-text u-text-default u-text-4\">Sample text. Click to select the text box. Click again or double click to start editing the text.<\/p>\n              <\/div>\n            <\/div>\n          <\/div>\n        <\/div>\n      <\/div>\n    <\/section>\n    <section class=\"u-clearfix u-grey-90 u-valign-middle-md u-section-6\" id=\"carousel_78ee\">\n      <img class=\"u-expanded-width u-image lazyload u-image-1\" data-image-width=\"1280\" data-image-height=\"720\" data-src=\"https:\/\/importvamkezeles.hu\/wp-content\/uploads\/2022\/03\/1c57eb25f4a3b6c8865083962d6ed04d862969c9f497490ee7e8f29bbf4e62eba1fcfd5c5508efb3f02bd34890aaec837a821c1d9713c93f69e902_1280.jpg\">\n      <div class=\"u-list u-list-1\">\n        <div class=\"u-repeater u-repeater-1\">\n          <div class=\"u-align-center u-container-style u-list-item u-opacity u-opacity-45 u-repeater-item u-white u-list-item-1\">\n            <div class=\"u-container-layout u-similar-container u-valign-top u-container-layout-1\"><span class=\"u-icon u-text-palette-4-dark-1 u-icon-1\"><svg class=\"u-svg-link\" preserveAspectRatio=\"xMidYMin slice\" viewBox=\"0 0 52 52\" style=\"\"><use xlink:href=\"#svg-077e\"><\/use><\/svg><svg class=\"u-svg-content\" viewBox=\"0 0 52 52\" x=\"0px\" y=\"0px\" id=\"svg-077e\" style=\"enable-background:new 0 0 52 52;\"><path style=\"fill:currentColor;\" d=\"M38.853,5.324L38.853,5.324c-7.098-7.098-18.607-7.098-25.706,0h0\n\tC6.751,11.72,6.031,23.763,11.459,31L26,52l14.541-21C45.969,23.763,45.249,11.72,38.853,5.324z M26.177,24c-3.314,0-6-2.686-6-6\n\ts2.686-6,6-6s6,2.686,6,6S29.491,24,26.177,24z\"><\/path><\/svg><\/span>\n              <h5 class=\"u-text u-text-1\">c\u00edm\u00fcnk:<\/h5>\n              <p class=\"u-text u-text-2\">1136 Budapest<br>, Raoul Wall\u200b\u200benberg u. 2.\n              <\/p>\n            <\/div>\n          <\/div>\n          <div class=\"u-align-center u-container-style u-list-item u-opacity u-opacity-45 u-repeater-item u-white u-list-item-2\">\n            <div class=\"u-container-layout u-similar-container u-valign-top u-container-layout-2\"><span class=\"u-icon u-text-palette-4-dark-1 u-icon-2\"><svg class=\"u-svg-link\" preserveAspectRatio=\"xMidYMin slice\" viewBox=\"0 0 513.64 513.64\" style=\"\"><use xlink:href=\"#svg-9786\"><\/use><\/svg><svg class=\"u-svg-content\" viewBox=\"0 0 513.64 513.64\" x=\"0px\" y=\"0px\" id=\"svg-9786\" style=\"enable-background:new 0 0 513.64 513.64;\"><g><g><path d=\"M499.66,376.96l-71.68-71.68c-25.6-25.6-69.12-15.359-79.36,17.92c-7.68,23.041-33.28,35.841-56.32,30.72    c-51.2-12.8-120.32-79.36-133.12-133.12c-7.68-23.041,7.68-48.641,30.72-56.32c33.28-10.24,43.52-53.76,17.92-79.36l-71.68-71.68    c-20.48-17.92-51.2-17.92-69.12,0l-48.64,48.64c-48.64,51.2,5.12,186.88,125.44,307.2c120.32,120.32,256,176.641,307.2,125.44    l48.64-48.64C517.581,425.6,517.581,394.88,499.66,376.96z\"><\/path>\n<\/g>\n<\/g><\/svg><\/span>\n              <h5 class=\"u-text u-text-3\">phone number<\/h5>\n              <p class=\"u-text u-text-4\">\n                <a class=\"u-btn u-button-link u-button-style u-text-active-palette-3-light-1 u-text-hover-palette-3-dark-1 u-text-palette-1-base u-btn-1\" href=\"tel:+36209449132\">+3620 9449132<\/a>\n              <\/p>\n            <\/div>\n          <\/div>\n          <div class=\"u-align-center u-container-style u-list-item u-opacity u-opacity-45 u-repeater-item u-white u-list-item-3\">\n            <div class=\"u-container-layout u-similar-container u-valign-top u-container-layout-3\"><span class=\"u-file-icon u-icon u-icon-3\"><img decoding=\"async\" src=\"https:\/\/importvamkezeles.hu\/wp-content\/uploads\/2022\/03\/4392925.png\" alt=\"\"><\/span>\n              <h5 class=\"u-text u-text-5\">e-mail<\/h5>\n              <p class=\"u-text u-text-6\">\n                <a class=\"u-btn u-button-link u-button-style u-text-active-palette-3-light-1 u-text-hover-palette-3-dark-1 u-text-palette-1-base u-btn-2\" href=\"mailto:dual-centrum@vamugynok.hu\">dual-ce\u200bntrum@vamugynok.hu<\/a>\n              <\/p>\n            <\/div>\n          <\/div>\n        <\/div>\n      <\/div>\n      <div class=\"u-clearfix u-layout-wrap u-layout-wrap-1\">\n        <div class=\"u-layout\">\n          <div class=\"u-layout-row\">\n            <div class=\"u-align-left u-container-style u-layout-cell u-left-cell u-palette-1-light-2 u-shape-rectangle u-size-30 u-layout-cell-1\">\n              <div class=\"u-container-layout u-container-layout-4\">\n                <h3 class=\"u-text u-text-body-alt-color u-text-default u-text-7\">L\u00e9pj kapcsolatba!<\/h3>\n                <div class=\"u-expanded-width-sm u-expanded-width-xs u-form u-form-1\">\n                  <form action=\"https:\/\/importvamkezeles.hu\/wp-content\/plugins\/nicepage\/templates\/form.php?id=16&formId=5873-carousel_78ee\" class=\"u-clearfix u-form-spacing-30 u-form-vertical u-inner-form\" style=\"padding: 0px;\" source=\"customphp\" name=\"form\">\n                    <div class=\"u-form-email u-form-group u-form-partition-factor-2\">\n                      <label for=\"email-319a\" class=\"u-label u-text-body-alt-color u-label-1\">Email<\/label>\n                      <input type=\"email\" placeholder=\"Enter a valid email address\" id=\"email-319a\" name=\"email\" class=\"u-border-2 u-border-no-left u-border-no-right u-border-no-top u-border-white u-input u-input-rectangle\" required=\"\">\n                    <\/div>\n                    <div class=\"u-form-group u-form-name u-form-partition-factor-2\">\n                      <label for=\"name-319a\" class=\"u-label u-text-body-alt-color u-label-2\">Name<\/label>\n                      <input type=\"text\" placeholder=\"Enter your Name\" id=\"name-319a\" name=\"name\" class=\"u-border-2 u-border-no-left u-border-no-right u-border-no-top u-border-white u-input u-input-rectangle\" required=\"\">\n                    <\/div>\n                    <div class=\"u-form-group u-form-message\">\n                      <label for=\"message-319a\" class=\"u-label u-text-body-alt-color u-label-3\">Message<\/label>\n                      <textarea placeholder=\"Enter your message\" rows=\"4\" cols=\"50\" id=\"message-319a\" name=\"message\" class=\"u-border-2 u-border-no-left u-border-no-right u-border-no-top u-border-white u-input u-input-rectangle\" required=\"\"><\/textarea>\n                    <\/div>\n                    <div class=\"u-form-group u-form-phone u-form-group-4\">\n                      <label for=\"phone-ce83\" class=\"u-label u-text-body-alt-color u-label-4\">Phone<\/label>\n                      <input type=\"tel\" pattern=\"\\+?\\d{0,3}[\\s\\(\\-]?([0-9]{2,3})[\\s\\)\\-]?([\\s\\-]?)([0-9]{3})[\\s\\-]?([0-9]{2})[\\s\\-]?([0-9]{2})\" placeholder=\"Enter your phone (e.g. +14155552675)\" id=\"phone-ce83\" name=\"phone\" class=\"u-border-2 u-border-no-left u-border-no-right u-border-no-top u-border-white u-input u-input-rectangle\" required=\"\">\n                    <\/div>\n                    <div class=\"u-form-checkbox u-form-group u-form-group-5\">\n                      <input type=\"checkbox\" id=\"checkbox-d44d\" name=\"checkbox\" value=\"On\" required=\"required\" class=\"u-field-input\">\n                      <label for=\"checkbox-d44d\" class=\"u-block-f060-110 u-field-label u-text-body-alt-color\" style=\"font-weight: 700\">Nem vagyok robot!<\/label>\n                    <\/div>\n                    <div class=\"u-align-left u-form-group u-form-submit\">\n                      <a href=\"#\" class=\"u-btn u-btn-submit u-button-style u-white u-btn-3\">elk\u00fcld<\/a>\n                      <input type=\"submit\" value=\"submit\" class=\"u-form-control-hidden\" wfd-invisible=\"true\">\n                    <\/div>\n                    <div class=\"u-form-send-message u-form-send-success\" wfd-invisible=\"true\"> Thank you! Your message has been sent. <\/div>\n                    <div class=\"u-form-send-error u-form-send-message\" wfd-invisible=\"true\"> Unable to send your message. Please fix errors then try again. <\/div>\n                    <input type=\"hidden\" value=\"\" name=\"recaptchaResponse\" wfd-invisible=\"true\">\n                  <\/form>\n                <\/div>\n              <\/div>\n            <\/div>\n            <div class=\"u-black u-container-style u-layout-cell u-right-cell u-size-30 u-layout-cell-2\">\n              <div class=\"u-container-layout u-container-layout-5\">\n                <div class=\"u-expanded u-grey-light-2 u-map\">\n                  <div class=\"embed-responsive\">\n                    <iframe class=\"embed-responsive-item lazyload\" data-map=\"JTdCJTIycG9zaXRpb25UeXBlJTIyJTNBJTIybWFwLXBvaW50JTIyJTJDJTIyYWRkcmVzcyUyMiUzQSUyMkJ1ZGFwZXN0JTJDJTIwMTEzNiUyQyUyMFJhb3VsJTIwV2FsbGVuYmVyZyUyMHUuJTIwMi4lMjIlMkMlMjJ6b29tJTIyJTNBMTAlMkMlMjJ0eXBlSWQlMjIlM0ElMjJyb2FkJTIyJTJDJTIybGFuZyUyMiUzQW51bGwlMkMlMjJhcGlLZXklMjIlM0FudWxsJTJDJTIybWFya2VycyUyMiUzQSU1QiU1RCU3RA==\" data-src=\"\/\/maps.google.com\/maps?output=embed&amp;q=Budapest%2C%201136%2C%20Raoul%20Wallenberg%20u.%202.&amp;z=10&amp;t=m\"><\/iframe>\n                  <\/div>\n                <\/div>\n              <\/div>\n            <\/div>\n          <\/div>\n        <\/div>\n      <\/div>\n    <\/section>\n    \n    \n    \n  \n<\/div>","protected":false},"excerpt":{"rendered":"<p>Import v\u00e1mkezel\u00e9s Magyarorsz\u00e1gon! Import v\u00e1mkezel\u00e9s Teljesk\u00f6r\u0171 import v\u00e1mkezel\u00e9s, v\u00e1m\u00fcgyint\u00e9z\u00e9s orsz\u00e1gos hat\u00e1sk\u00f6rrel. Szabad forgalomba helyez\u00e9s Teljesk\u00f6r\u0171 import v\u00e1mkezel\u00e9s, szabadforgalomba helyez\u00e9s Magyarorsz\u00e1gon. 31 \u00e9ves szakmai gyakorlatunkat \u00e9s tapasztalatunkat \u00e1ll\u00edtjuk megb\u00edz\u00f3ink szolg\u00e1lat\u00e1ba. Szolg\u00e1ltat\u00e1sunk kiterjed az import\u00e1land\u00f3 term\u00e9kek sz\u00e1mtarifasz\u00e1m\u00e1nak ellen\u0151rz\u00e9s\u00e9re, s t\u00e1j\u00e9koztat\u00e1st adunk a v\u00e1mtarifasz\u00e1mhoz kapcsol\u00f3d\u00f3 tilalmakr\u00f3l \u00e9s korl\u00e1toz\u00e1sokr\u00f3l, a lehets\u00e9ges kedvezm\u00e9nyek ig\u00e9nybev\u00e9tel\u00e9nek felt\u00e9teleir\u0151l.&nbsp;&nbsp; Ideiglenes behozatal Ideiglenes behozatali v\u00e1mkezel\u00e9sek&hellip; <a class=\"more-link\" href=\"https:\/\/importvamkezeles.hu\/\"><span class=\"screen-reader-text\">Import v\u00e1mkezel\u00e9s<\/span> olvas\u00e1s\u00e1nak folytat\u00e1sa<\/a><\/p>\n","protected":false},"author":1,"featured_media":0,"parent":0,"menu_order":0,"comment_status":"closed","ping_status":"closed","template":"","meta":{"footnotes":""},"class_list":["post-16","page","type-page","status-publish","hentry","entry"],"_links":{"self":[{"href":"https:\/\/importvamkezeles.hu\/index.php?rest_route=\/wp\/v2\/pages\/16","targetHints":{"allow":["GET"]}}],"collection":[{"href":"https:\/\/importvamkezeles.hu\/index.php?rest_route=\/wp\/v2\/pages"}],"about":[{"href":"https:\/\/importvamkezeles.hu\/index.php?rest_route=\/wp\/v2\/types\/page"}],"author":[{"embeddable":true,"href":"https:\/\/importvamkezeles.hu\/index.php?rest_route=\/wp\/v2\/users\/1"}],"replies":[{"embeddable":true,"href":"https:\/\/importvamkezeles.hu\/index.php?rest_route=%2Fwp%2Fv2%2Fcomments&post=16"}],"version-history":[{"count":8,"href":"https:\/\/importvamkezeles.hu\/index.php?rest_route=\/wp\/v2\/pages\/16\/revisions"}],"predecessor-version":[{"id":40,"href":"https:\/\/importvamkezeles.hu\/index.php?rest_route=\/wp\/v2\/pages\/16\/revisions\/40"}],"wp:attachment":[{"href":"https:\/\/importvamkezeles.hu\/index.php?rest_route=%2Fwp%2Fv2%2Fmedia&parent=16"}],"curies":[{"name":"wp","href":"https:\/\/api.w.org\/{rel}","templated":true}]}}